{"id":9380,"date":"2025-08-13T13:34:06","date_gmt":"2025-08-13T13:34:06","guid":{"rendered":"https:\/\/www.saassolutions.pro\/prendre-rendez-vous\/"},"modified":"2025-10-06T16:03:29","modified_gmt":"2025-10-06T16:03:29","slug":"prendre-rendez-vous","status":"publish","type":"page","link":"https:\/\/www.saassolutions.pro\/fr\/prendre-rendez-vous\/","title":{"rendered":"Prendre rendez-vous"},"content":{"rendered":"\t\t<div data-elementor-type=\"wp-page\" data-elementor-id=\"9380\" class=\"elementor elementor-9380 elementor-7722\" data-elementor-post-type=\"page\">\n\t\t\t\t\t\t<section class=\"elementor-section elementor-top-section elementor-element elementor-element-4c3238b elementor-section-full_width overflow-hidden elementor-section-height-default elementor-section-height-default\" data-id=\"4c3238b\" data-element_type=\"section\" data-e-type=\"section\" data-settings=\"{&quot;background_background&quot;:&quot;classic&quot;}\">\n\t\t\t\t\t\t<div class=\"elementor-container elementor-column-gap-no\">\n\t\t\t\t\t<div class=\"elementor-column elementor-col-100 elementor-top-column elementor-element elementor-element-c30e582\" data-id=\"c30e582\" data-element_type=\"column\" data-e-type=\"column\">\n\t\t\t<div class=\"elementor-widget-wrap elementor-element-populated\">\n\t\t\t\t\t\t<section class=\"elementor-section elementor-inner-section elementor-element elementor-element-bf499c6 elementor-section-content-middle elementor-section-boxed elementor-section-height-default elementor-section-height-default\" data-id=\"bf499c6\" data-element_type=\"section\" data-e-type=\"section\">\n\t\t\t\t\t\t<div class=\"elementor-container elementor-column-gap-default\">\n\t\t\t\t\t<div class=\"elementor-column elementor-col-100 elementor-inner-column elementor-element elementor-element-e4019b3\" data-id=\"e4019b3\" data-element_type=\"column\" data-e-type=\"column\">\n\t\t\t<div class=\"elementor-widget-wrap elementor-element-populated\">\n\t\t\t\t\t\t<div class=\"elementor-element elementor-element-359070d elementor-invisible elementor-widget elementor-widget-nioland-title-v1\" data-id=\"359070d\" data-element_type=\"widget\" data-e-type=\"widget\" data-settings=\"{&quot;_animation&quot;:&quot;fadeInUp&quot;}\" data-widget_type=\"nioland-title-v1.default\">\n\t\t\t\t<div class=\"elementor-widget-container\">\n\t\t\t\t\t\r\n                    <div class=\"section_title type_two  arrow_enable\">\r\n                            <div class=\"overline-title\"> Commencez par un appel gratuit\n<\/div>\r\n             \r\n                                                                <div class=\"title_whole position-relative\">\r\n                                            <h1 class=\"title\">\r\n                             Acc\u00e9l\u00e9rez votre croissance gr\u00e2ce \u00e0 l\u2019<br><span>accompagnement d\u2019experts<\/span>\n \r\n                        <\/h1>\r\n                                    <\/div>\r\n                                                 \r\n                            <p class=\"lead\"> Faites le premier pas vers la transformation de votre entreprise avec SaaS Solutions Pro.  \nPlanifiez une <br>consultation gratuite avec nos experts et d\u00e9couvrez comment nous pouvons vous aider \u00e0 lancer, d\u00e9velopper <br>et g\u00e9rer la croissance de votre SaaS en toute confiance.\n<\/p>\r\n                    <\/div>\r\n                    \t\t\t\t<\/div>\n\t\t\t\t<\/div>\n\t\t\t\t\t<\/div>\n\t\t<\/div>\n\t\t\t\t\t<\/div>\n\t\t<\/section>\n\t\t\t\t\t<\/div>\n\t\t<\/div>\n\t\t\t\t\t<\/div>\n\t\t<\/section>\n\t\t<div class=\"elementor-element elementor-element-fe1ec9a e-flex e-con-boxed e-con e-parent\" data-id=\"fe1ec9a\" data-element_type=\"container\" data-e-type=\"container\">\n\t\t\t\t\t<div class=\"e-con-inner\">\n\t\t\t\t<div class=\"elementor-element elementor-element-b450a0c elementor-widget elementor-widget-html\" data-id=\"b450a0c\" data-element_type=\"widget\" data-e-type=\"widget\" data-widget_type=\"html.default\">\n\t\t\t\t\t<iframe src=\"https:\/\/link.buzgrowth.cloud\/widget\/booking\/oampx35ztUlGuMZkKAG9\" style=\"width: 100%;border:none;overflow: hidden;\" scrolling=\"no\" id=\"95bDISWFIpHUg2nFFzWX_1759766554980\"><\/iframe><br><script src=\"https:\/\/link.buzgrowth.cloud\/js\/form_embed.js\" type=\"text\/javascript\"><\/script>\t\t\t\t<\/div>\n\t\t\t\t\t<\/div>\n\t\t\t\t<\/div>\n\t\t<div class=\"elementor-element elementor-element-868305e e-flex e-con-boxed e-con e-parent\" data-id=\"868305e\" data-element_type=\"container\" data-e-type=\"container\" data-settings=\"{&quot;background_background&quot;:&quot;classic&quot;}\">\n\t\t\t\t\t<div class=\"e-con-inner\">\n\t\t\t\t<div class=\"elementor-element elementor-element-6e74ed3 elementor-invisible elementor-widget elementor-widget-nioland-title-v1\" data-id=\"6e74ed3\" data-element_type=\"widget\" data-e-type=\"widget\" data-settings=\"{&quot;_animation&quot;:&quot;fadeInUp&quot;}\" data-widget_type=\"nioland-title-v1.default\">\n\t\t\t\t<div class=\"elementor-widget-container\">\n\t\t\t\t\t\r\n                    <div class=\"section_title type_one\">\r\n                            <div class=\"overline-title\"> Pourquoi r\u00e9server avec nous ?\n<\/div>\r\n                                        <div class=\"title_whole position-relative\">\r\n                                            <h2 class=\"title\">\r\n                                                    Votre parcours SaaS m\u00e9rite mieux <br>que des suppositions.\n                                                    <\/h2>\r\n                                     \r\n                <\/div>\r\n                                        <p class=\"lead\"> Des analyses d\u2019experts \u00e0 une feuille de route claire, chaque session est con\u00e7ue pour vous offrir clart\u00e9, <br>strat\u00e9gie et des solutions durables pour la croissance de votre entreprise.\n<\/p>\r\n                    <\/div>\r\n                    \t\t\t\t<\/div>\n\t\t\t\t<\/div>\n\t\t\t\t<div class=\"elementor-element elementor-element-e6b1e05 elementor-invisible elementor-widget elementor-widget-nioland-timeline-v1\" data-id=\"e6b1e05\" data-element_type=\"widget\" data-e-type=\"widget\" data-settings=\"{&quot;_animation&quot;:&quot;bounceInLeft&quot;}\" data-widget_type=\"nioland-timeline-v1.default\">\n\t\t\t\t<div class=\"elementor-widget-container\">\n\t\t\t\t\t        \n        <div class=\"journey-contents\">\n                    <div class=\"journey-item h-100\">\n                <div class=\"circle\"><span class=\"circle-dot\"><\/span><\/div>\n                <div class=\"card card-journey journey-card\">\n                    <div class=\"card-journey-content\">\n                        <div class=\"heading\">\n                                                                                        <span class=\"main\">Analyses d\u2019experts\n<\/span>\n                                                    <\/div>\n                                           \n                        <div class=\"desc\"> B\u00e9n\u00e9ficiez d\u2019un acc\u00e8s direct \u00e0 plus de 20 ans d\u2019exp\u00e9rience en SaaS et en automatisation, adapt\u00e9s \u00e0 votre entreprise.\n<\/div>\n                       \n                                            <\/div>\n                <\/div>\n            <\/div>\n                        <div class=\"journey-item h-100\">\n                <div class=\"circle\"><span class=\"circle-dot\"><\/span><\/div>\n                <div class=\"card card-journey journey-card\">\n                    <div class=\"card-journey-content\">\n                        <div class=\"heading\">\n                                                                                        <span class=\"main\">Strat\u00e9gie personnalis\u00e9e <\/span>\n                                                    <\/div>\n                                           \n                        <div class=\"desc\"> Chaque session est adapt\u00e9e \u00e0 vos objectifs \u2014 aucun conseil g\u00e9n\u00e9rique, uniquement des actions concr\u00e8tes.<\/div>\n                       \n                                            <\/div>\n                <\/div>\n            <\/div>\n                        <div class=\"journey-item h-100\">\n                <div class=\"circle\"><span class=\"circle-dot\"><\/span><\/div>\n                <div class=\"card card-journey journey-card\">\n                    <div class=\"card-journey-content\">\n                        <div class=\"heading\">\n                                                                                        <span class=\"main\">Solutions p\u00e9rennes\n<\/span>\n                                                    <\/div>\n                                           \n                        <div class=\"desc\"> Nous concevons des strat\u00e9gies qui \u00e9voluent avec votre entreprise, garantissant une croissance durable et une grande adaptabilit\u00e9.\n<\/div>\n                       \n                                            <\/div>\n                <\/div>\n            <\/div>\n                        <div class=\"journey-item h-100\">\n                <div class=\"circle\"><span class=\"circle-dot\"><\/span><\/div>\n                <div class=\"card card-journey journey-card\">\n                    <div class=\"card-journey-content\">\n                        <div class=\"heading\">\n                                                                                        <span class=\"main\">Prochaines \u00e9tapes claires\n<\/span>\n                                                    <\/div>\n                                           \n                        <div class=\"desc\"> Repartez avec une feuille de route que vous pouvez mettre en \u0153uvre imm\u00e9diatement, avec ou sans notre aide.\n<\/div>\n                       \n                                            <\/div>\n                <\/div>\n            <\/div>\n                     \n        <\/div>\n      \n    \t\t\t\t<\/div>\n\t\t\t\t<\/div>\n\t\t\t\t\t<\/div>\n\t\t\t\t<\/div>\n\t\t\t\t<\/div>\n\t\t","protected":false},"excerpt":{"rendered":"<p>Commencez par un appel gratuit Acc\u00e9l\u00e9rez votre croissance gr\u00e2ce \u00e0 l\u2019accompagnement d\u2019experts Faites le premier pas vers la transformation de votre entreprise avec SaaS Solutions Pro. Planifiez une consultation gratuite avec nos experts et d\u00e9couvrez comment nous pouvons vous aider \u00e0 lancer, d\u00e9velopper et g\u00e9rer la croissance de votre SaaS en toute confiance. Pourquoi r\u00e9server [&hellip;]<\/p>\n","protected":false},"author":1,"featured_media":0,"parent":0,"menu_order":0,"comment_status":"closed","ping_status":"closed","template":"template-homepage.php","meta":{"_acf_changed":false,"_seopress_robots_primary_cat":"","_seopress_titles_title":"","_seopress_titles_desc":"","_seopress_robots_index":"","_seopress_analysis_target_kw":"","footnotes":""},"class_list":["post-9380","page","type-page","status-publish","hentry"],"acf":[],"_links":{"self":[{"href":"https:\/\/www.saassolutions.pro\/fr\/wp-json\/wp\/v2\/pages\/9380","targetHints":{"allow":["GET"]}}],"collection":[{"href":"https:\/\/www.saassolutions.pro\/fr\/wp-json\/wp\/v2\/pages"}],"about":[{"href":"https:\/\/www.saassolutions.pro\/fr\/wp-json\/wp\/v2\/types\/page"}],"author":[{"embeddable":true,"href":"https:\/\/www.saassolutions.pro\/fr\/wp-json\/wp\/v2\/users\/1"}],"replies":[{"embeddable":true,"href":"https:\/\/www.saassolutions.pro\/fr\/wp-json\/wp\/v2\/comments?post=9380"}],"version-history":[{"count":12,"href":"https:\/\/www.saassolutions.pro\/fr\/wp-json\/wp\/v2\/pages\/9380\/revisions"}],"predecessor-version":[{"id":10049,"href":"https:\/\/www.saassolutions.pro\/fr\/wp-json\/wp\/v2\/pages\/9380\/revisions\/10049"}],"wp:attachment":[{"href":"https:\/\/www.saassolutions.pro\/fr\/wp-json\/wp\/v2\/media?parent=9380"}],"curies":[{"name":"wp","href":"https:\/\/api.w.org\/{rel}","templated":true}]}}